{"id":36,"date":"2020-07-21T09:45:07","date_gmt":"2020-07-21T09:45:07","guid":{"rendered":"https:\/\/neuronthemes.com\/kaon\/mondrian\/?page_id=36"},"modified":"2025-10-30T18:51:07","modified_gmt":"2025-10-30T17:51:07","slug":"projects","status":"publish","type":"page","link":"https:\/\/franckdiahou.com\/francais\/","title":{"rendered":"Home"},"content":{"rendered":"<div data-elementor-type=\"wp-page\" data-elementor-id=\"36\" class=\"elementor elementor-36\" data-elementor-post-type=\"page\">\n\t\t\t\t<div class=\"elementor-element elementor-element-a3be8f1 e-flex e-con-boxed e-con e-parent\" data-id=\"a3be8f1\" data-element_type=\"container\" data-settings=\"{&quot;background_background&quot;:&quot;classic&quot;}\">\n\t\t\t\t\t<div class=\"e-con-inner\">\n\t\t\t\t<div class=\"elementor-element elementor-element-58b9482 elementor-widget elementor-widget-spacer\" data-id=\"58b9482\" data-element_type=\"widget\" data-widget_type=\"spacer.default\">\n\t\t\t\t<div class=\"elementor-widget-container\">\n\t\t\t\t\t\t\t<div class=\"elementor-spacer\">\n\t\t\t<div class=\"elementor-spacer-inner\"><\/div>\n\t\t<\/div>\n\t\t\t\t\t\t<\/div>\n\t\t\t\t<\/div>\n\t\t\t\t\t<\/div>\n\t\t\t\t<\/div>\n\t\t<div class=\"elementor-element elementor-element-f6fdf92 e-flex e-con-boxed e-con e-parent\" data-id=\"f6fdf92\" data-element_type=\"container\" data-settings=\"{&quot;background_background&quot;:&quot;classic&quot;}\">\n\t\t\t\t\t<div class=\"e-con-inner\">\n\t\t<div class=\"elementor-element elementor-element-24fae0a e-con-full e-flex e-con e-child\" data-id=\"24fae0a\" data-element_type=\"container\">\n\t\t\t\t<\/div>\n\t\t<div class=\"elementor-element elementor-element-831858a e-con-full e-flex e-con e-child\" data-id=\"831858a\" data-element_type=\"container\">\n\t\t\t\t<\/div>\n\t\t<div class=\"elementor-element elementor-element-3f7e553 e-con-full e-flex e-con e-child\" data-id=\"3f7e553\" data-element_type=\"container\">\n\t\t\t\t<div class=\"elementor-element elementor-element-a00d643 elementor-widget__width-auto animated-fast elementor-widget-tablet__width-inherit elementor-invisible elementor-widget elementor-widget-heading\" data-id=\"a00d643\" data-element_type=\"widget\" data-settings=\"{&quot;_animation&quot;:&quot;h-neuron-animation--slideUp&quot;}\" data-widget_type=\"heading.default\">\n\t\t\t\t<div class=\"elementor-widget-container\">\n\t\t\t\t\t<h1 class=\"elementor-heading-title elementor-size-default\">Salut ! Je suis une designer multidisciplinaire bas\u00e9e en Italie, sp\u00e9cialis\u00e9e dans la cr\u00e9ation d'exp\u00e9riences num\u00e9riques audacieuses et centr\u00e9es sur l'utilisateur qui dynamisent votre entreprise.<\/h1>\t\t\t\t<\/div>\n\t\t\t\t<\/div>\n\t\t\t\t<\/div>\n\t\t\t\t\t<\/div>\n\t\t\t\t<\/div>\n\t\t<div class=\"elementor-element elementor-element-2c844b1 e-flex e-con-boxed e-con e-parent\" data-id=\"2c844b1\" data-element_type=\"container\" data-settings=\"{&quot;background_background&quot;:&quot;classic&quot;}\">\n\t\t\t\t\t<div class=\"e-con-inner\">\n\t\t\t\t<div class=\"elementor-element elementor-element-36198ec elementor-widget elementor-widget-spacer\" data-id=\"36198ec\" data-element_type=\"widget\" data-widget_type=\"spacer.default\">\n\t\t\t\t<div class=\"elementor-widget-container\">\n\t\t\t\t\t\t\t<div class=\"elementor-spacer\">\n\t\t\t<div class=\"elementor-spacer-inner\"><\/div>\n\t\t<\/div>\n\t\t\t\t\t\t<\/div>\n\t\t\t\t<\/div>\n\t\t\t\t\t<\/div>\n\t\t\t\t<\/div>\n\t\t<div class=\"elementor-element elementor-element-a4b3a76 e-con-full e-flex e-con e-parent\" data-id=\"a4b3a76\" data-element_type=\"container\" data-settings=\"{&quot;background_background&quot;:&quot;slideshow&quot;,&quot;background_slideshow_gallery&quot;:[{&quot;id&quot;:2145,&quot;url&quot;:&quot;https:\\\/\\\/franckdiahou.com\\\/wp-content\\\/uploads\\\/2025\\\/07\\\/city-up-copertina-scaled-1.jpg&quot;},{&quot;id&quot;:2099,&quot;url&quot;:&quot;https:\\\/\\\/franckdiahou.com\\\/wp-content\\\/uploads\\\/2025\\\/07\\\/Free_Logo_Mockup_11.jpg&quot;},{&quot;id&quot;:2073,&quot;url&quot;:&quot;https:\\\/\\\/franckdiahou.com\\\/wp-content\\\/uploads\\\/2025\\\/07\\\/cover-divina-foligno-scaled-1.jpg&quot;},{&quot;id&quot;:2044,&quot;url&quot;:&quot;https:\\\/\\\/franckdiahou.com\\\/wp-content\\\/uploads\\\/2025\\\/07\\\/city-up-sticker-scaled-1.jpg&quot;},{&quot;id&quot;:2048,&quot;url&quot;:&quot;https:\\\/\\\/franckdiahou.com\\\/wp-content\\\/uploads\\\/2025\\\/07\\\/BB-consulting-food-and-breakf-copertina-scaled-1.jpg&quot;},{&quot;id&quot;:2037,&quot;url&quot;:&quot;https:\\\/\\\/franckdiahou.com\\\/wp-content\\\/uploads\\\/2025\\\/07\\\/ARMET-SIENA-scaled-1.jpg&quot;},{&quot;id&quot;:2051,&quot;url&quot;:&quot;https:\\\/\\\/franckdiahou.com\\\/wp-content\\\/uploads\\\/2025\\\/07\\\/Mappa-umbria-jazz-fronte-scaled-1.jpg&quot;},{&quot;id&quot;:2105,&quot;url&quot;:&quot;https:\\\/\\\/franckdiahou.com\\\/wp-content\\\/uploads\\\/2025\\\/07\\\/365307303_743433654459065_29336266557642990_n-scaled-1.jpeg&quot;}],&quot;background_slideshow_slide_transition&quot;:&quot;slide_right&quot;,&quot;background_slideshow_loop&quot;:&quot;yes&quot;,&quot;background_slideshow_slide_duration&quot;:5000,&quot;background_slideshow_transition_duration&quot;:500}\">\n\t\t<div class=\"elementor-element elementor-element-26e575a e-con-full e-flex e-con e-child\" data-id=\"26e575a\" data-element_type=\"container\">\n\t\t\t\t<div class=\"elementor-element elementor-element-d79df7a elementor-widget elementor-widget-spacer\" data-id=\"d79df7a\" data-element_type=\"widget\" data-widget_type=\"spacer.default\">\n\t\t\t\t<div class=\"elementor-widget-container\">\n\t\t\t\t\t\t\t<div class=\"elementor-spacer\">\n\t\t\t<div class=\"elementor-spacer-inner\"><\/div>\n\t\t<\/div>\n\t\t\t\t\t\t<\/div>\n\t\t\t\t<\/div>\n\t\t\t\t<\/div>\n\t\t\t\t<\/div>\n\t\t<div class=\"elementor-element elementor-element-d5d6149 e-flex e-con-boxed e-con e-parent\" data-id=\"d5d6149\" data-element_type=\"container\" id=\"portfolio\" data-settings=\"{&quot;background_background&quot;:&quot;classic&quot;}\">\n\t\t\t\t\t<div class=\"e-con-inner\">\n\t\t<div class=\"elementor-element elementor-element-424ae20e e-con-full e-flex e-con e-child\" data-id=\"424ae20e\" data-element_type=\"container\">\n\t\t\t\t<div class=\"elementor-element elementor-element-9c8ad95 elementor-widget elementor-widget-spacer\" data-id=\"9c8ad95\" data-element_type=\"widget\" data-widget_type=\"spacer.default\">\n\t\t\t\t<div class=\"elementor-widget-container\">\n\t\t\t\t\t\t\t<div class=\"elementor-spacer\">\n\t\t\t<div class=\"elementor-spacer-inner\"><\/div>\n\t\t<\/div>\n\t\t\t\t\t\t<\/div>\n\t\t\t\t<\/div>\n\t\t\t\t<div class=\"elementor-element elementor-element-300fd117 elementor-widget elementor-widget-text-editor\" data-id=\"300fd117\" data-element_type=\"widget\" data-widget_type=\"text-editor.default\">\n\t\t\t\t<div class=\"elementor-widget-container\">\n\t\t\t\t\t\t\t\t\t<p class=\"\" data-start=\"274\" data-end=\"534\">En tant que designer visuel et web, mon objectif est de cr\u00e9er des solutions \u00e0 la fois esth\u00e9tiques et fonctionnelles qui contribuent \u00e0 la croissance des entreprises, \u00e0 l'am\u00e9lioration de leurs relations et \u00e0 l'augmentation de leurs ventes. Je transforme les id\u00e9es en interfaces intuitives qui captivent les utilisateurs et g\u00e9n\u00e8rent des r\u00e9sultats concrets. Que vous lanciez un produit, proc\u00e9diez \u00e0 un changement d'image ou d\u00e9veloppiez votre pr\u00e9sence num\u00e9rique \u2014\u2014  je suis l\u00e0 pour vous accompagner dans la r\u00e9alisation de vos projets.<\/p>\t\t\t\t\t\t\t\t<\/div>\n\t\t\t\t<\/div>\n\t\t\t\t<\/div>\n\t\t<div class=\"elementor-element elementor-element-63cb010b e-con-full e-flex e-con e-child\" data-id=\"63cb010b\" data-element_type=\"container\">\n\t\t\t\t<\/div>\n\t\t<div class=\"elementor-element elementor-element-1d7b52d1 e-con-full e-flex e-con e-child\" data-id=\"1d7b52d1\" data-element_type=\"container\">\n\t\t\t\t<\/div>\n\t\t\t\t\t<\/div>\n\t\t\t\t<\/div>\n\t\t<div class=\"elementor-element elementor-element-dadad6e e-flex e-con-boxed e-con e-parent\" data-id=\"dadad6e\" data-element_type=\"container\" data-settings=\"{&quot;background_background&quot;:&quot;classic&quot;}\">\n\t\t\t\t\t<div class=\"e-con-inner\">\n\t\t<div class=\"elementor-element elementor-element-4c29cdc e-con-full e-flex e-con e-child\" data-id=\"4c29cdc\" data-element_type=\"container\">\n\t\t\t\t<\/div>\n\t\t<div class=\"elementor-element elementor-element-93c4359 e-con-full e-flex e-con e-child\" data-id=\"93c4359\" data-element_type=\"container\">\n\t\t\t\t<div class=\"elementor-element elementor-element-7e80eaf elementor-widget elementor-widget-text-editor\" data-id=\"7e80eaf\" data-element_type=\"widget\" data-widget_type=\"text-editor.default\">\n\t\t\t\t<div class=\"elementor-widget-container\">\n\t\t\t\t\t\t\t\t\t<p class=\"\" data-start=\"809\" data-end=\"845\"><a href=\"mailto:fdiahou@gmail.com\"><strong>Construisons quelque chose de significatif.<\/strong><\/a><\/p>\t\t\t\t\t\t\t\t<\/div>\n\t\t\t\t<\/div>\n\t\t\t\t<\/div>\n\t\t<div class=\"elementor-element elementor-element-96ab819 e-con-full e-flex e-con e-child\" data-id=\"96ab819\" data-element_type=\"container\">\n\t\t\t\t<\/div>\n\t\t<div class=\"elementor-element elementor-element-7d66c33 e-con-full e-flex e-con e-child\" data-id=\"7d66c33\" data-element_type=\"container\">\n\t\t\t\t<div class=\"elementor-element elementor-element-ea7e986 elementor-widget elementor-widget-text-editor\" data-id=\"ea7e986\" data-element_type=\"widget\" data-widget_type=\"text-editor.default\">\n\t\t\t\t<div class=\"elementor-widget-container\">\n\t\t\t\t\t\t\t\t\t<p class=\"\" data-start=\"809\" data-end=\"845\">D\u00e9couvrez quelques-uns des projets r\u00e9alis\u00e9s.<\/p>\t\t\t\t\t\t\t\t<\/div>\n\t\t\t\t<\/div>\n\t\t\t\t<div class=\"elementor-element elementor-element-af96397 elementor-align-left elementor-widget elementor-widget-button\" data-id=\"af96397\" data-element_type=\"widget\" data-widget_type=\"button.default\">\n\t\t\t\t<div class=\"elementor-widget-container\">\n\t\t\t\t\t\t\t\t\t<div class=\"elementor-button-wrapper\">\n\t\t\t\t\t<a class=\"elementor-button elementor-button-link elementor-size-sm\" href=\"https:\/\/franckdiahou.com\/wp-content\/uploads\/2025\/10\/Portfolio-Franck-Diahou.pdf\">\n\t\t\t\t\t\t<span class=\"elementor-button-content-wrapper\">\n\t\t\t\t\t\t\t\t\t<span class=\"elementor-button-text\">Portfolio<\/span>\n\t\t\t\t\t<\/span>\n\t\t\t\t\t<\/a>\n\t\t\t\t<\/div>\n\t\t\t\t\t\t\t\t<\/div>\n\t\t\t\t<\/div>\n\t\t\t\t<\/div>\n\t\t<div class=\"elementor-element elementor-element-ccb1443 e-con-full e-flex e-con e-child\" data-id=\"ccb1443\" data-element_type=\"container\">\n\t\t\t\t<\/div>\n\t\t\t\t\t<\/div>\n\t\t\t\t<\/div>\n\t\t\t\t<section class=\"elementor-section elementor-top-section elementor-element elementor-element-1ae9f2a elementor-section-full_width elementor-section-height-default elementor-section-height-default\" data-id=\"1ae9f2a\" data-element_type=\"section\" data-settings=\"{&quot;background_background&quot;:&quot;classic&quot;}\">\n\t\t\t\t\t\t<div class=\"elementor-container elementor-column-gap-no\">\n\t\t\t\t\t<div class=\"elementor-column elementor-col-100 elementor-top-column elementor-element elementor-element-aebc838\" data-id=\"aebc838\" data-element_type=\"column\">\n\t\t\t<div class=\"elementor-widget-wrap elementor-element-populated\">\n\t\t\t\t\t\t<div class=\"elementor-element elementor-element-aca8daa elementor-widget elementor-widget-spacer\" data-id=\"aca8daa\" data-element_type=\"widget\" data-widget_type=\"spacer.default\">\n\t\t\t\t<div class=\"elementor-widget-container\">\n\t\t\t\t\t\t\t<div class=\"elementor-spacer\">\n\t\t\t<div class=\"elementor-spacer-inner\"><\/div>\n\t\t<\/div>\n\t\t\t\t\t\t<\/div>\n\t\t\t\t<\/div>\n\t\t\t\t\t<\/div>\n\t\t<\/div>\n\t\t\t\t\t<\/div>\n\t\t<\/section>\n\t\t\t\t<\/div>","protected":false},"excerpt":{"rendered":"<p>Ciao! Sono un designer multidisciplinare con sede in Italia, che crea esperienze digitali audaci e incentrate sull&#8217;utente, che valorizzano il tuo business. Come visual e web designer, il mio obiettivo \u00e8 creare soluzioni visivamente accattivanti e funzionali che aiutino le aziende a crescere, connettersi e convertire. Trasformo le idee in interfacce intuitive che coinvolgono gli&#8230;<\/p>","protected":false},"author":1,"featured_media":1630,"parent":0,"menu_order":0,"comment_status":"closed","ping_status":"closed","template":"","meta":{"_acf_changed":false,"footnotes":""},"class_list":["post-36","page","type-page","status-publish","has-post-thumbnail","hentry"],"acf":[],"_links":{"self":[{"href":"https:\/\/franckdiahou.com\/francais\/wp-json\/wp\/v2\/pages\/36","targetHints":{"allow":["GET"]}}],"collection":[{"href":"https:\/\/franckdiahou.com\/francais\/wp-json\/wp\/v2\/pages"}],"about":[{"href":"https:\/\/franckdiahou.com\/francais\/wp-json\/wp\/v2\/types\/page"}],"author":[{"embeddable":true,"href":"https:\/\/franckdiahou.com\/francais\/wp-json\/wp\/v2\/users\/1"}],"replies":[{"embeddable":true,"href":"https:\/\/franckdiahou.com\/francais\/wp-json\/wp\/v2\/comments?post=36"}],"version-history":[{"count":0,"href":"https:\/\/franckdiahou.com\/francais\/wp-json\/wp\/v2\/pages\/36\/revisions"}],"wp:featuredmedia":[{"embeddable":true,"href":"https:\/\/franckdiahou.com\/francais\/wp-json\/wp\/v2\/media\/1630"}],"wp:attachment":[{"href":"https:\/\/franckdiahou.com\/francais\/wp-json\/wp\/v2\/media?parent=36"}],"curies":[{"name":"wp","href":"https:\/\/api.w.org\/{rel}","templated":true}]}}